{"id":27,"date":"2017-03-27T09:08:23","date_gmt":"2017-03-27T07:08:23","guid":{"rendered":"http:\/\/verdi-bundesarchiv.de\/?page_id=27"},"modified":"2025-06-21T12:10:40","modified_gmt":"2025-06-21T10:10:40","slug":"arbeitsbedingungen","status":"publish","type":"page","link":"https:\/\/verdi-bundesarchiv.de\/index.php\/arbeitsbedingungen\/","title":{"rendered":"Arbeitsbedingungen"},"content":{"rendered":"<p>Die Arbeitsbedingungen am Bundesarchiv sind teilweise \u00fcber den Tarifvertrag TV\u00f6D Bund, \u00fcber Dienstvereinbarungen oder \u00fcber geltende Arbeitsrechtsnormen und Gesetze geregelt. Wir dokumentieren hier unsere ver.di Position zu Themen, die in den letzten Monaten zu Diskussionen gef\u00fchrt haben. Ihr habt weitere Anregungen? Dann schreibt uns an an: <a href=\"mailto:info@verdi-bundesarchiv.de\">info@verdi-bundesarchiv.de<\/a>.<\/p>\n","protected":false},"excerpt":{"rendered":"<p>Die Arbeitsbedingungen am Bundesarchiv sind teilweise \u00fcber den Tarifvertrag TV\u00f6D Bund, \u00fcber Dienstvereinbarungen oder \u00fcber geltende Arbeitsrechtsnormen und Gesetze geregelt. Wir dokumentieren hier unsere ver.di Position zu Themen, die in&#8230;<\/p>\n","protected":false},"author":2,"featured_media":173,"parent":0,"menu_order":0,"comment_status":"closed","ping_status":"closed","template":"","meta":{"footnotes":""},"class_list":["post-27","page","type-page","status-publish","has-post-thumbnail","hentry"],"_links":{"self":[{"href":"https:\/\/verdi-bundesarchiv.de\/index.php\/wp-json\/wp\/v2\/pages\/27","targetHints":{"allow":["GET"]}}],"collection":[{"href":"https:\/\/verdi-bundesarchiv.de\/index.php\/wp-json\/wp\/v2\/pages"}],"about":[{"href":"https:\/\/verdi-bundesarchiv.de\/index.php\/wp-json\/wp\/v2\/types\/page"}],"author":[{"embeddable":true,"href":"https:\/\/verdi-bundesarchiv.de\/index.php\/wp-json\/wp\/v2\/users\/2"}],"replies":[{"embeddable":true,"href":"https:\/\/verdi-bundesarchiv.de\/index.php\/wp-json\/wp\/v2\/comments?post=27"}],"version-history":[{"count":7,"href":"https:\/\/verdi-bundesarchiv.de\/index.php\/wp-json\/wp\/v2\/pages\/27\/revisions"}],"predecessor-version":[{"id":712,"href":"https:\/\/verdi-bundesarchiv.de\/index.php\/wp-json\/wp\/v2\/pages\/27\/revisions\/712"}],"wp:featuredmedia":[{"embeddable":true,"href":"https:\/\/verdi-bundesarchiv.de\/index.php\/wp-json\/wp\/v2\/media\/173"}],"wp:attachment":[{"href":"https:\/\/verdi-bundesarchiv.de\/index.php\/wp-json\/wp\/v2\/media?parent=27"}],"curies":[{"name":"wp","href":"https:\/\/api.w.org\/{rel}","templated":true}]}}